{"id":8,"date":"2017-02-18T19:58:29","date_gmt":"2017-02-18T22:58:29","guid":{"rendered":"http:\/\/localhost\/Egran-web\/?page_id=8"},"modified":"2024-06-13T15:54:08","modified_gmt":"2024-06-13T18:54:08","slug":"nuestra-empresa","status":"publish","type":"page","link":"https:\/\/egran.com.ar\/en\/nuestra-empresa\/","title":{"rendered":"Our Company"},"content":{"rendered":"<div data-vc-full-width=\"true\" data-vc-full-width-init=\"false\" data-vc-stretch-content=\"true\" data-vc-parallax=\"2\" data-vc-parallax-image=\"https:\/\/egran.com.ar\/egran-web\/wp-content\/uploads\/2024\/05\/DJI_0015.jpg\" class=\"vc_row wpb_row vc_row-fluid vc_custom_1716211034343 vc_row-has-fill vc_row-no-padding vc_row-o-content-middle vc_row-flex vc_general vc_parallax vc_parallax-content-moving\"><div class=\"wpb_column vc_column_container vc_col-sm-12\"><div class=\"vc_column-inner\"><div class=\"wpb_wrapper\">\n\t<div class=\"wpb_text_column wpb_content_element\" >\n\t\t<div class=\"wpb_wrapper\">\n\t\t\t<p style=\"font-size: 5px;\">.<\/p>\n\n\t\t<\/div>\n\t<\/div>\n<\/div><\/div><\/div><\/div><div class=\"vc_row-full-width vc_clearfix\"><\/div><div data-vc-full-width=\"true\" data-vc-full-width-init=\"false\" data-vc-parallax=\"1.5\" class=\"vc_row wpb_row vc_row-fluid vc_custom_1526321633144 vc_row-has-fill vc_general vc_parallax vc_parallax-content-moving\"><div class=\"wpb_column vc_column_container vc_col-sm-12\"><div class=\"vc_column-inner\"><div class=\"wpb_wrapper\"><h1 style=\"text-align: left;font-family:Oswald;font-weight:700;font-style:normal\" class=\"vc_custom_heading\" >Molino Passerini: Compromiso, Tradici\u00f3n y Calidad desde 1938<\/h1><\/div><\/div><\/div><\/div><div class=\"vc_row-full-width vc_clearfix\"><\/div><div data-vc-full-width=\"true\" data-vc-full-width-init=\"false\" data-vc-parallax=\"1.5\" class=\"vc_row wpb_row vc_row-fluid vc_custom_1526321633144 vc_row-has-fill vc_general vc_parallax vc_parallax-content-moving\"><div class=\"wpb_column vc_column_container vc_col-sm-6\"><div class=\"vc_column-inner\"><div class=\"wpb_wrapper\">\n\t<div class=\"wpb_text_column wpb_content_element  vc_custom_1716211255457\" >\n\t\t<div class=\"wpb_wrapper\">\n\t\t\t<h2>Nuestra Historia<\/h2>\n<p>En 1938, Agust\u00edn Passerini y sus hijos, Agust\u00edn Hermes y Humberto Esteban, fundaron lo que hoy es un s\u00edmbolo de excelencia y tradici\u00f3n en la industria alimentaria: &#8220;Molino Passerini&#8221;. Lo que comenz\u00f3 como un modesto molino de ma\u00edz, dedicado a la producci\u00f3n de harina, s\u00e9mola de trigo candeal y ma\u00edz pelado blanco, pronto se convirti\u00f3 en un ejemplo de perseverancia y dedicaci\u00f3n familiar.<\/p>\n\n\t\t<\/div>\n\t<\/div>\n\n\t<div class=\"wpb_text_column wpb_content_element\" >\n\t\t<div class=\"wpb_wrapper\">\n\t\t\t<p><a href=\"https:\/\/egran.com.ar\/en\/r-n-e\/\">R.N.E. N\u00ba: 04003523<\/a><\/p>\n\n\t\t<\/div>\n\t<\/div>\n<\/div><\/div><\/div><div class=\"wpb_column vc_column_container vc_col-sm-6\"><div class=\"vc_column-inner\"><div class=\"wpb_wrapper\">\n\t<div  class=\"wpb_single_image wpb_content_element vc_align_center\">\n\t\t\n\t\t<figure class=\"wpb_wrapper vc_figure\">\n\t\t\t<div class=\"vc_single_image-wrapper   vc_box_border_grey\"><img loading=\"lazy\" decoding=\"async\" width=\"1024\" height=\"722\" src=\"https:\/\/egran.com.ar\/egran-web\/wp-content\/uploads\/2017\/02\/Foto-antigua-molino-1024x722.jpg\" class=\"vc_single_image-img attachment-large\" alt=\"\" srcset=\"https:\/\/egran.com.ar\/egran-web\/wp-content\/uploads\/2017\/02\/Foto-antigua-molino-1024x722.jpg 1024w, https:\/\/egran.com.ar\/egran-web\/wp-content\/uploads\/2017\/02\/Foto-antigua-molino-300x211.jpg 300w, https:\/\/egran.com.ar\/egran-web\/wp-content\/uploads\/2017\/02\/Foto-antigua-molino-768x541.jpg 768w, https:\/\/egran.com.ar\/egran-web\/wp-content\/uploads\/2017\/02\/Foto-antigua-molino-835x588.jpg 835w, https:\/\/egran.com.ar\/egran-web\/wp-content\/uploads\/2017\/02\/Foto-antigua-molino.jpg 1805w\" sizes=\"(max-width: 1024px) 100vw, 1024px\" \/><\/div>\n\t\t<\/figure>\n\t<\/div>\n<\/div><\/div><\/div><\/div><div class=\"vc_row-full-width vc_clearfix\"><\/div><div data-vc-full-width=\"true\" data-vc-full-width-init=\"false\" data-vc-parallax=\"1.5\" class=\"vc_row wpb_row vc_row-fluid vc_custom_1526321598537 vc_row-has-fill vc_general vc_parallax vc_parallax-content-moving\"><div class=\"wpb_column vc_column_container vc_col-sm-6\"><div class=\"vc_column-inner\"><div class=\"wpb_wrapper\">\n\t<div  class=\"wpb_single_image wpb_content_element vc_align_left\">\n\t\t\n\t\t<figure class=\"wpb_wrapper vc_figure\">\n\t\t\t<div class=\"vc_single_image-wrapper   vc_box_border_grey\"><img loading=\"lazy\" decoding=\"async\" width=\"1024\" height=\"768\" src=\"https:\/\/egran.com.ar\/egran-web\/wp-content\/uploads\/2024\/05\/nuestra-empresa-1024x768.jpg\" class=\"vc_single_image-img attachment-large\" alt=\"\" srcset=\"https:\/\/egran.com.ar\/egran-web\/wp-content\/uploads\/2024\/05\/nuestra-empresa-1024x768.jpg 1024w, https:\/\/egran.com.ar\/egran-web\/wp-content\/uploads\/2024\/05\/nuestra-empresa-300x225.jpg 300w, https:\/\/egran.com.ar\/egran-web\/wp-content\/uploads\/2024\/05\/nuestra-empresa-768x576.jpg 768w, https:\/\/egran.com.ar\/egran-web\/wp-content\/uploads\/2024\/05\/nuestra-empresa-1536x1152.jpg 1536w, https:\/\/egran.com.ar\/egran-web\/wp-content\/uploads\/2024\/05\/nuestra-empresa-16x12.jpg 16w, https:\/\/egran.com.ar\/egran-web\/wp-content\/uploads\/2024\/05\/nuestra-empresa-835x626.jpg 835w, https:\/\/egran.com.ar\/egran-web\/wp-content\/uploads\/2024\/05\/nuestra-empresa.jpg 2000w\" sizes=\"(max-width: 1024px) 100vw, 1024px\" \/><\/div>\n\t\t<\/figure>\n\t<\/div>\n<\/div><\/div><\/div><div class=\"wpb_column vc_column_container vc_col-sm-6\"><div class=\"vc_column-inner\"><div class=\"wpb_wrapper\">\n\t<div class=\"wpb_text_column wpb_content_element  vc_custom_1716211335349\" >\n\t\t<div class=\"wpb_wrapper\">\n\t\t\t<h2>Crecimiento y Diversificaci\u00f3n<\/h2>\n<p>Desde sus inicios, Molino Passerini se destac\u00f3 por su enfoque en la calidad y el esfuerzo colectivo. Inicialmente, nuestros productos se comercializaban en peque\u00f1os almacenes minoristas, pero r\u00e1pidamente ganaron aceptaci\u00f3n y demanda, permitiendo nuestra expansi\u00f3n hacia supermercados y mayoristas. Este crecimiento no solo fue un testimonio de la calidad de nuestros productos, sino tambi\u00e9n del incansable trabajo y dedicaci\u00f3n de nuestra familia y equipo.<\/p>\n<p>&nbsp;<\/p>\n<p>En 1997, la empresa dio un paso significativo hacia la modernizaci\u00f3n y expansi\u00f3n al inaugurar una planta industrial de 3.600 m\u00b2 en un predio de 2,5 hect\u00e1reas. Esta nueva instalaci\u00f3n nos permiti\u00f3 aumentar nuestra capacidad productiva y diversificar a\u00fan m\u00e1s nuestra oferta. Para el a\u00f1o 2013, nuestras instalaciones se expandieron a m\u00e1s de 6.000 m\u00b2, fortaleciendo nuestra capacidad de producci\u00f3n y nuestro compromiso con la innovaci\u00f3n en la industrializaci\u00f3n de cereales y legumbres secos y sus derivados.<\/p>\n\n\t\t<\/div>\n\t<\/div>\n<\/div><\/div><\/div><\/div><div class=\"vc_row-full-width vc_clearfix\"><\/div><div data-vc-parallax=\"1.5\" data-vc-parallax-o-fade=\"on\" class=\"vc_row wpb_row vc_row-fluid vc_custom_1487949068722 vc_row-has-fill vc_general vc_parallax vc_parallax-content-moving-fade js-vc_parallax-o-fade\"><div class=\"wpb_column vc_column_container vc_col-sm-6\"><div class=\"vc_column-inner\"><div class=\"wpb_wrapper\">\n\t<div class=\"wpb_text_column wpb_content_element\" >\n\t\t<div class=\"wpb_wrapper\">\n\t\t\t<h2>Innovaci\u00f3n Continua<\/h2>\n<p>En 2008, con la inauguraci\u00f3n de una planta dedicada a la producci\u00f3n de golosinas de cereales inflados, ampliamos nuestro portafolio de productos, adapt\u00e1ndonos a las necesidades y preferencias del mercado. Esta planta no solo represent\u00f3 un avance en t\u00e9rminos de diversificaci\u00f3n, sino que tambi\u00e9n marc\u00f3 un hito en nuestra b\u00fasqueda de calidad e inclusi\u00f3n. Posteriormente, obtuvimos la certificaci\u00f3n de que nuestros productos son libres de gluten (Sin TACC), asegurando que sean seguros y accesibles para personas con celiaqu\u00eda.<\/p>\n\n\t\t<\/div>\n\t<\/div>\n<\/div><\/div><\/div><div class=\"wpb_column vc_column_container vc_col-sm-6\"><div class=\"vc_column-inner\"><div class=\"wpb_wrapper\">\n\t<div  class=\"wpb_single_image wpb_content_element vc_align_left\">\n\t\t\n\t\t<figure class=\"wpb_wrapper vc_figure\">\n\t\t\t<div class=\"vc_single_image-wrapper   vc_box_border_grey\"><img loading=\"lazy\" decoding=\"async\" width=\"1024\" height=\"637\" src=\"https:\/\/egran.com.ar\/egran-web\/wp-content\/uploads\/2024\/05\/slider-3-1024x637.jpg\" class=\"vc_single_image-img attachment-large\" alt=\"\" srcset=\"https:\/\/egran.com.ar\/egran-web\/wp-content\/uploads\/2024\/05\/slider-3-1024x637.jpg 1024w, https:\/\/egran.com.ar\/egran-web\/wp-content\/uploads\/2024\/05\/slider-3-300x187.jpg 300w, https:\/\/egran.com.ar\/egran-web\/wp-content\/uploads\/2024\/05\/slider-3-768x478.jpg 768w, https:\/\/egran.com.ar\/egran-web\/wp-content\/uploads\/2024\/05\/slider-3-1536x955.jpg 1536w, https:\/\/egran.com.ar\/egran-web\/wp-content\/uploads\/2024\/05\/slider-3-18x12.jpg 18w, https:\/\/egran.com.ar\/egran-web\/wp-content\/uploads\/2024\/05\/slider-3-835x519.jpg 835w, https:\/\/egran.com.ar\/egran-web\/wp-content\/uploads\/2024\/05\/slider-3.jpg 2000w\" sizes=\"(max-width: 1024px) 100vw, 1024px\" \/><\/div>\n\t\t<\/figure>\n\t<\/div>\n<\/div><\/div><\/div><\/div><div data-vc-parallax=\"1.5\" data-vc-parallax-o-fade=\"on\" class=\"vc_row wpb_row vc_row-fluid vc_custom_1487949068722 vc_row-has-fill vc_general vc_parallax vc_parallax-content-moving-fade js-vc_parallax-o-fade\"><div class=\"wpb_column vc_column_container vc_col-sm-6\"><div class=\"vc_column-inner\"><div class=\"wpb_wrapper\">\n\t<div  class=\"wpb_single_image wpb_content_element vc_align_left\">\n\t\t\n\t\t<figure class=\"wpb_wrapper vc_figure\">\n\t\t\t<div class=\"vc_single_image-wrapper   vc_box_border_grey\"><img loading=\"lazy\" decoding=\"async\" width=\"1024\" height=\"576\" src=\"https:\/\/egran.com.ar\/egran-web\/wp-content\/uploads\/2024\/05\/slider-fssc-1024x576.jpg\" class=\"vc_single_image-img attachment-large\" alt=\"\" srcset=\"https:\/\/egran.com.ar\/egran-web\/wp-content\/uploads\/2024\/05\/slider-fssc-1024x576.jpg 1024w, https:\/\/egran.com.ar\/egran-web\/wp-content\/uploads\/2024\/05\/slider-fssc-300x169.jpg 300w, https:\/\/egran.com.ar\/egran-web\/wp-content\/uploads\/2024\/05\/slider-fssc-768x432.jpg 768w, https:\/\/egran.com.ar\/egran-web\/wp-content\/uploads\/2024\/05\/slider-fssc-1536x864.jpg 1536w, https:\/\/egran.com.ar\/egran-web\/wp-content\/uploads\/2024\/05\/slider-fssc-18x10.jpg 18w, https:\/\/egran.com.ar\/egran-web\/wp-content\/uploads\/2024\/05\/slider-fssc-835x470.jpg 835w, https:\/\/egran.com.ar\/egran-web\/wp-content\/uploads\/2024\/05\/slider-fssc.jpg 1920w\" sizes=\"(max-width: 1024px) 100vw, 1024px\" \/><\/div>\n\t\t<\/figure>\n\t<\/div>\n\n\t<div class=\"wpb_text_column wpb_content_element\" >\n\t\t<div class=\"wpb_wrapper\">\n\t\t\t<p><a style=\"font-weight: 800; \/* color: #f4f5f7;\" href=\"https:\/\/egran.com.ar\/en\/nuestra-empresa\/politica-inocuidad\/alcance-certificacion-fssc\/\">See certification scope<\/a><\/p>\n\n\t\t<\/div>\n\t<\/div>\n<\/div><\/div><\/div><div class=\"wpb_column vc_column_container vc_col-sm-6\"><div class=\"vc_column-inner\"><div class=\"wpb_wrapper\">\n\t<div class=\"wpb_text_column wpb_content_element\" >\n\t\t<div class=\"wpb_wrapper\">\n\t\t\t<h2>Compromiso con la Calidad y la Seguridad Alimentaria<\/h2>\n<p>Nuestro compromiso con la calidad qued\u00f3 reafirmado en 2014, cuando obtuvimos la certificaci\u00f3n de la norma internacional FSSC 22000. Esta certificaci\u00f3n, reconocida globalmente, asegura que nuestros procesos cumplen con los m\u00e1s altos est\u00e1ndares de seguridad alimentaria. Implementar estos rigurosos sistemas de gesti\u00f3n no solo garantiza la inocuidad de nuestros productos, sino que tambi\u00e9n refuerza nuestra promesa de ofrecer siempre lo mejor a nuestros clientes.<\/p>\n\n\t\t<\/div>\n\t<\/div>\n\t<div class=\"vc_btn3-container  btn-egran vc_btn3-inline\"><a class=\"vc_general vc_btn3-size-md vc_btn3-shape-rounded vc_btn3-style-classic vc_btn3-color-green\"\n\t     href=\"https:\/\/egran.com.ar\/en\/nuestra-empresa\/politica-inocuidad\/\"\n\t     title=\"\"\n\t     target=\"_self\"\n\t>See More<\/a><\/div>\n<\/div><\/div><\/div><\/div><div data-vc-full-width=\"true\" data-vc-full-width-init=\"false\" data-vc-stretch-content=\"true\" data-vc-parallax=\"2\" data-vc-parallax-image=\"https:\/\/egran.com.ar\/egran-web\/wp-content\/uploads\/2024\/06\/DJI_0106.jpg\" class=\"vc_row wpb_row vc_row-fluid vc_custom_1718304847022 vc_row-has-fill vc_row-no-padding vc_row-o-content-middle vc_row-flex vc_general vc_parallax vc_parallax-content-moving\"><div class=\"wpb_column vc_column_container vc_col-sm-12\"><div class=\"vc_column-inner\"><div class=\"wpb_wrapper\">\n\t<div class=\"wpb_text_column wpb_content_element\" >\n\t\t<div class=\"wpb_wrapper\">\n\t\t\t<p style=\"font-size: 5px;\">.<\/p>\n\n\t\t<\/div>\n\t<\/div>\n<\/div><\/div><\/div><\/div><div class=\"vc_row-full-width vc_clearfix\"><\/div><div data-vc-full-width=\"true\" data-vc-full-width-init=\"false\" data-vc-parallax=\"1.5\" class=\"vc_row wpb_row vc_row-fluid vc_custom_1526321598537 vc_row-has-fill vc_general vc_parallax vc_parallax-content-moving\"><div class=\"wpb_column vc_column_container vc_col-sm-6\"><div class=\"vc_column-inner\"><div class=\"wpb_wrapper\">\n\t<div  class=\"wpb_single_image wpb_content_element vc_align_left\">\n\t\t\n\t\t<figure class=\"wpb_wrapper vc_figure\">\n\t\t\t<div class=\"vc_single_image-wrapper   vc_box_border_grey\"><img loading=\"lazy\" decoding=\"async\" width=\"1024\" height=\"721\" src=\"https:\/\/egran.com.ar\/egran-web\/wp-content\/uploads\/2017\/02\/Foto-antigua-oficina-1024x721.jpg\" class=\"vc_single_image-img attachment-large\" alt=\"\" srcset=\"https:\/\/egran.com.ar\/egran-web\/wp-content\/uploads\/2017\/02\/Foto-antigua-oficina-1024x721.jpg 1024w, https:\/\/egran.com.ar\/egran-web\/wp-content\/uploads\/2017\/02\/Foto-antigua-oficina-300x211.jpg 300w, https:\/\/egran.com.ar\/egran-web\/wp-content\/uploads\/2017\/02\/Foto-antigua-oficina-768x541.jpg 768w, https:\/\/egran.com.ar\/egran-web\/wp-content\/uploads\/2017\/02\/Foto-antigua-oficina-835x588.jpg 835w, https:\/\/egran.com.ar\/egran-web\/wp-content\/uploads\/2017\/02\/Foto-antigua-oficina.jpg 1802w\" sizes=\"(max-width: 1024px) 100vw, 1024px\" \/><\/div>\n\t\t<\/figure>\n\t<\/div>\n<\/div><\/div><\/div><div class=\"wpb_column vc_column_container vc_col-sm-6\"><div class=\"vc_column-inner\"><div class=\"wpb_wrapper\">\n\t<div class=\"wpb_text_column wpb_content_element  vc_custom_1716211260664\" >\n\t\t<div class=\"wpb_wrapper\">\n\t\t\t<h2>Code of Conduct<\/h2>\n<p>Our values represent our identity as a collective body.  The people who work at MOLINO PASSERINI make this company a unique and distinctive project.<\/p>\n\n\t\t<\/div>\n\t<\/div>\n\t<div class=\"vc_btn3-container  btn-egran vc_btn3-inline\"><a class=\"vc_general vc_btn3-size-md vc_btn3-shape-rounded vc_btn3-style-classic vc_btn3-color-green\"\n\t     href=\"https:\/\/egran.com.ar\/en\/codigo-de-conducta\/\"\n\t     title=\"\"\n\t     target=\"_self\"\n\t>See More<\/a><\/div>\n<\/div><\/div><\/div><\/div><div class=\"vc_row-full-width vc_clearfix\"><\/div><div data-vc-full-width=\"true\" data-vc-full-width-init=\"false\" class=\"vc_row wpb_row vc_row-fluid vc_custom_1487949047436\"><div class=\"wpb_column vc_column_container vc_col-sm-6\"><div class=\"vc_column-inner\"><div class=\"wpb_wrapper\">\n\t<div class=\"wpb_text_column wpb_content_element\" >\n\t\t<div class=\"wpb_wrapper\">\n\t\t\t<h2>Corporate Social Responsibility<\/h2>\n<p>En 2016, implementamos una pol\u00edtica de Responsabilidad Social Empresaria (RSE), con el objetivo de mejorar el bienestar tanto de nuestra comunidad interna como externa. Esta pol\u00edtica se enfoca en incentivar acciones que promuevan el desarrollo sostenible, la inclusi\u00f3n social y el apoyo a iniciativas comunitarias. Creemos firmemente que el \u00e9xito empresarial va de la mano con el compromiso social y ambiental, y continuamos trabajando para generar un impacto positivo en la sociedad.<\/p>\n\n\t\t<\/div>\n\t<\/div>\n\t<div class=\"vc_btn3-container  btn-egran vc_btn3-inline\"><a class=\"vc_general vc_btn3-size-md vc_btn3-shape-rounded vc_btn3-style-classic vc_btn3-color-green\"\n\t     href=\"https:\/\/egran.com.ar\/en\/nuestra-empresa\/responsabilidad-social-empresaria\/\"\n\t     title=\"\"\n\t     target=\"_self\"\n\t>See More<\/a><\/div>\n<\/div><\/div><\/div><div class=\"wpb_column vc_column_container vc_col-sm-6\"><div class=\"vc_column-inner\"><div class=\"wpb_wrapper\">\n\t<div  class=\"wpb_single_image wpb_content_element vc_align_left\">\n\t\t\n\t\t<figure class=\"wpb_wrapper vc_figure\">\n\t\t\t<div class=\"vc_single_image-wrapper   vc_box_border_grey\"><img loading=\"lazy\" decoding=\"async\" width=\"600\" height=\"322\" src=\"https:\/\/egran.com.ar\/egran-web\/wp-content\/uploads\/2017\/02\/ne-rep3-1.jpg\" class=\"vc_single_image-img attachment-large\" alt=\"\" srcset=\"https:\/\/egran.com.ar\/egran-web\/wp-content\/uploads\/2017\/02\/ne-rep3-1.jpg 600w, https:\/\/egran.com.ar\/egran-web\/wp-content\/uploads\/2017\/02\/ne-rep3-1-300x161.jpg 300w\" sizes=\"(max-width: 600px) 100vw, 600px\" \/><\/div>\n\t\t<\/figure>\n\t<\/div>\n<\/div><\/div><\/div><\/div><div class=\"vc_row-full-width vc_clearfix\"><\/div><div data-vc-full-width=\"true\" data-vc-full-width-init=\"false\" class=\"vc_row wpb_row vc_row-fluid vc_custom_1487949087176\"><div class=\"wpb_column vc_column_container vc_col-sm-6\"><div class=\"vc_column-inner\"><div class=\"wpb_wrapper\">\n\t<div  class=\"wpb_single_image wpb_content_element vc_align_left\">\n\t\t\n\t\t<figure class=\"wpb_wrapper vc_figure\">\n\t\t\t<div class=\"vc_single_image-wrapper   vc_box_border_grey\"><img loading=\"lazy\" decoding=\"async\" width=\"600\" height=\"322\" src=\"https:\/\/egran.com.ar\/egran-web\/wp-content\/uploads\/2017\/02\/ne-rep2-1.jpg\" class=\"vc_single_image-img attachment-large\" alt=\"\" srcset=\"https:\/\/egran.com.ar\/egran-web\/wp-content\/uploads\/2017\/02\/ne-rep2-1.jpg 600w, https:\/\/egran.com.ar\/egran-web\/wp-content\/uploads\/2017\/02\/ne-rep2-1-300x161.jpg 300w\" sizes=\"(max-width: 600px) 100vw, 600px\" \/><\/div>\n\t\t<\/figure>\n\t<\/div>\n<\/div><\/div><\/div><div class=\"wpb_column vc_column_container vc_col-sm-6\"><div class=\"vc_column-inner\"><div class=\"wpb_wrapper\">\n\t<div class=\"wpb_text_column wpb_content_element\" >\n\t\t<div class=\"wpb_wrapper\">\n\t\t\t<h2>Pol\u00edtica de Recursos Humanos y Talento<\/h2>\n<p>&nbsp;<\/p>\n<p style=\"text-align: justify;\">We have a hiring policy that considers aspects in line with our policies.<\/p>\n\n\t\t<\/div>\n\t<\/div>\n\t<div class=\"vc_btn3-container  btn-egran vc_btn3-inline\"><a class=\"vc_general vc_btn3-size-md vc_btn3-shape-rounded vc_btn3-style-classic vc_btn3-color-green\"\n\t     href=\"https:\/\/egran.com.ar\/en\/nuestra-empresa\/politica-contratacion\/\"\n\t     title=\"\"\n\t     target=\"_self\"\n\t>See More<\/a><\/div>\n<\/div><\/div><\/div><\/div><div class=\"vc_row-full-width vc_clearfix\"><\/div><div data-vc-full-width=\"true\" data-vc-full-width-init=\"false\" class=\"vc_row wpb_row vc_row-fluid vc_custom_1487949087176\"><div class=\"wpb_column vc_column_container vc_col-sm-6\"><div class=\"vc_column-inner\"><div class=\"wpb_wrapper\">\n\t<div class=\"wpb_text_column wpb_content_element\" >\n\t\t<div class=\"wpb_wrapper\">\n\t\t\t<h2>Hitos Recientes y Futuro Prometedor<\/h2>\n<p>En 2018, celebramos con orgullo nuestro 80\u00ba aniversario, un momento para reflexionar sobre nuestra trayectoria y reafirmar nuestros valores fundamentales. Cinco a\u00f1os despu\u00e9s, en 2023, celebramos nuestro 85\u00ba aniversario, marcando m\u00e1s de ocho d\u00e9cadas de dedicaci\u00f3n, innovaci\u00f3n y compromiso con la excelencia.<\/p>\n<p>&nbsp;<\/p>\n<p>Con la mirada puesta en el futuro, en 2024 llevamos a cabo una importante ampliaci\u00f3n de nuestras instalaciones, fortaleciendo a\u00fan m\u00e1s nuestra capacidad de producci\u00f3n y reafirmando nuestro liderazgo en la industria alimentaria. Esta expansi\u00f3n es un testimonio de nuestra visi\u00f3n a largo plazo y nuestro compromiso continuo con la innovaci\u00f3n y la calidad.<\/p>\n<p>&nbsp;<\/p>\n<p>En Molino Passerini, seguimos avanzando con la misma pasi\u00f3n y compromiso que nuestros fundadores iniciaron en 1938. Manteniendo nuestra tradici\u00f3n de calidad y siempre mirando hacia el futuro, nos esforzamos por ser un referente en la industria, innovando y respondiendo a las necesidades de nuestros clientes y de la comunidad.<\/p>\n\n\t\t<\/div>\n\t<\/div>\n<\/div><\/div><\/div><div class=\"wpb_column vc_column_container vc_col-sm-6\"><div class=\"vc_column-inner\"><div class=\"wpb_wrapper\">\n\t<div  class=\"wpb_single_image wpb_content_element vc_align_left\">\n\t\t\n\t\t<figure class=\"wpb_wrapper vc_figure\">\n\t\t\t<div class=\"vc_single_image-wrapper   vc_box_border_grey\"><img loading=\"lazy\" decoding=\"async\" width=\"1024\" height=\"637\" src=\"https:\/\/egran.com.ar\/egran-web\/wp-content\/uploads\/2024\/05\/slider-1-1024x637.jpg\" class=\"vc_single_image-img attachment-large\" alt=\"\" srcset=\"https:\/\/egran.com.ar\/egran-web\/wp-content\/uploads\/2024\/05\/slider-1-1024x637.jpg 1024w, https:\/\/egran.com.ar\/egran-web\/wp-content\/uploads\/2024\/05\/slider-1-300x187.jpg 300w, https:\/\/egran.com.ar\/egran-web\/wp-content\/uploads\/2024\/05\/slider-1-768x478.jpg 768w, https:\/\/egran.com.ar\/egran-web\/wp-content\/uploads\/2024\/05\/slider-1-1536x955.jpg 1536w, https:\/\/egran.com.ar\/egran-web\/wp-content\/uploads\/2024\/05\/slider-1-18x12.jpg 18w, https:\/\/egran.com.ar\/egran-web\/wp-content\/uploads\/2024\/05\/slider-1-835x519.jpg 835w, https:\/\/egran.com.ar\/egran-web\/wp-content\/uploads\/2024\/05\/slider-1.jpg 2000w\" sizes=\"(max-width: 1024px) 100vw, 1024px\" \/><\/div>\n\t\t<\/figure>\n\t<\/div>\n<\/div><\/div><\/div><\/div><div class=\"vc_row-full-width vc_clearfix\"><\/div>","protected":false},"excerpt":{"rendered":". Molino Passerini: Compromiso, Tradici\u00f3n y Calidad desde 1938 Nuestra Historia En 1938, Agust\u00edn Passerini y sus hijos, Agust\u00edn Hermes y Humberto Esteban, fundaron lo que hoy es un s\u00edmbolo de excelencia y tradici\u00f3n en la industria alimentaria: \"Molino Passerini\". Lo que comenz\u00f3 como un modesto molino de ma\u00edz, dedicado a la producci\u00f3n de harina, [...]","protected":false},"author":1,"featured_media":0,"parent":0,"menu_order":2,"comment_status":"closed","ping_status":"closed","template":"","meta":{"footnotes":""},"_links":{"self":[{"href":"https:\/\/egran.com.ar\/en\/wp-json\/wp\/v2\/pages\/8"}],"collection":[{"href":"https:\/\/egran.com.ar\/en\/wp-json\/wp\/v2\/pages"}],"about":[{"href":"https:\/\/egran.com.ar\/en\/wp-json\/wp\/v2\/types\/page"}],"author":[{"embeddable":true,"href":"https:\/\/egran.com.ar\/en\/wp-json\/wp\/v2\/users\/1"}],"replies":[{"embeddable":true,"href":"https:\/\/egran.com.ar\/en\/wp-json\/wp\/v2\/comments?post=8"}],"version-history":[{"count":3,"href":"https:\/\/egran.com.ar\/en\/wp-json\/wp\/v2\/pages\/8\/revisions"}],"predecessor-version":[{"id":904,"href":"https:\/\/egran.com.ar\/en\/wp-json\/wp\/v2\/pages\/8\/revisions\/904"}],"wp:attachment":[{"href":"https:\/\/egran.com.ar\/en\/wp-json\/wp\/v2\/media?parent=8"}],"curies":[{"name":"wp","href":"https:\/\/api.w.org\/{rel}","templated":true}]}}