{"id":773,"date":"2021-01-25T17:34:20","date_gmt":"2021-01-25T20:34:20","guid":{"rendered":"https:\/\/egran.com.ar\/?page_id=773"},"modified":"2024-05-20T10:34:18","modified_gmt":"2024-05-20T13:34:18","slug":"alcance-certificacion-fssc","status":"publish","type":"page","link":"https:\/\/egran.com.ar\/en\/nuestra-empresa\/politica-inocuidad\/alcance-certificacion-fssc\/","title":{"rendered":"FSSC Certification"},"content":{"rendered":"<div class=\"vc_row wpb_row vc_row-fluid\"><div class=\"wpb_column vc_column_container vc_col-sm-8\"><div class=\"vc_column-inner vc_custom_1500589432297\"><div class=\"wpb_wrapper\">\n\t<div class=\"wpb_text_column wpb_content_element\" >\n\t\t<div class=\"wpb_wrapper\">\n\t\t\t<h1>FSSC Certification<\/h1>\n<p>1 - Production and packaging of flour (cornmeal and semolina wheat).<\/p>\n<p>2 - Conditioning and packaging of legumes (chickpeas beans,  lentils, peas, soy beans), and dry cereal (pop corn, white corn, red corn, durum wheat).<\/p>\n<p>3 - Production and packaging of dry cereal bars.<\/p>\n<p>4 - Fractionation and packaging of corn starch, oat bran, burgol wheat and rice.<\/p>\n\n\t\t<\/div>\n\t<\/div>\n<\/div><\/div><\/div><div class=\"wpb_column vc_column_container vc_col-sm-4\"><div class=\"vc_column-inner\"><div class=\"wpb_wrapper\">\n\t<div  class=\"wpb_single_image wpb_content_element vc_align_left\">\n\t\t\n\t\t<figure class=\"wpb_wrapper vc_figure\">\n\t\t\t<div class=\"vc_single_image-wrapper   vc_box_border_grey\"><img loading=\"lazy\" decoding=\"async\" width=\"300\" height=\"149\" src=\"https:\/\/egran.com.ar\/egran-web\/wp-content\/uploads\/2024\/05\/LOGO-fssc22000-2024-300x149.jpg\" class=\"vc_single_image-img attachment-medium\" alt=\"\" srcset=\"https:\/\/egran.com.ar\/egran-web\/wp-content\/uploads\/2024\/05\/LOGO-fssc22000-2024-300x149.jpg 300w, https:\/\/egran.com.ar\/egran-web\/wp-content\/uploads\/2024\/05\/LOGO-fssc22000-2024-18x9.jpg 18w, https:\/\/egran.com.ar\/egran-web\/wp-content\/uploads\/2024\/05\/LOGO-fssc22000-2024.jpg 450w\" sizes=\"(max-width: 300px) 100vw, 300px\" \/><\/div>\n\t\t<\/figure>\n\t<\/div>\n<\/div><\/div><\/div><\/div>","protected":false},"excerpt":{"rendered":"Alcance Certificaci\u00f3n FSSC 1- Producci\u00f3n y envasado de harina de ma\u00edz y s\u00e9mola de trigo candeal. 2 - Acondicionamiento y envasado de legumbres (garbanzos, porotos, lentejas, porotos de soja) y cereales (ma\u00edz pisingallo, ma\u00edz blanco, ma\u00edz colorado y trigo candeal). 3 - Producci\u00f3n y envasado de barras de cereales secas. 4 - Fraccionamiento y envasado [...]","protected":false},"author":1,"featured_media":0,"parent":119,"menu_order":0,"comment_status":"closed","ping_status":"closed","template":"","meta":{"footnotes":""},"_links":{"self":[{"href":"https:\/\/egran.com.ar\/en\/wp-json\/wp\/v2\/pages\/773"}],"collection":[{"href":"https:\/\/egran.com.ar\/en\/wp-json\/wp\/v2\/pages"}],"about":[{"href":"https:\/\/egran.com.ar\/en\/wp-json\/wp\/v2\/types\/page"}],"author":[{"embeddable":true,"href":"https:\/\/egran.com.ar\/en\/wp-json\/wp\/v2\/users\/1"}],"replies":[{"embeddable":true,"href":"https:\/\/egran.com.ar\/en\/wp-json\/wp\/v2\/comments?post=773"}],"version-history":[{"count":3,"href":"https:\/\/egran.com.ar\/en\/wp-json\/wp\/v2\/pages\/773\/revisions"}],"predecessor-version":[{"id":868,"href":"https:\/\/egran.com.ar\/en\/wp-json\/wp\/v2\/pages\/773\/revisions\/868"}],"up":[{"embeddable":true,"href":"https:\/\/egran.com.ar\/en\/wp-json\/wp\/v2\/pages\/119"}],"wp:attachment":[{"href":"https:\/\/egran.com.ar\/en\/wp-json\/wp\/v2\/media?parent=773"}],"curies":[{"name":"wp","href":"https:\/\/api.w.org\/{rel}","templated":true}]}}