{"id":141,"date":"2017-02-24T14:24:40","date_gmt":"2017-02-24T17:24:40","guid":{"rendered":"http:\/\/localhost\/Egran-web\/?page_id=141"},"modified":"2019-07-18T10:10:49","modified_gmt":"2019-07-18T13:10:49","slug":"aviso-legal","status":"publish","type":"page","link":"https:\/\/egran.com.ar\/en\/aviso-legal\/","title":{"rendered":"Legal Notice"},"content":{"rendered":"<div class=\"vc_row wpb_row vc_row-fluid\"><div class=\"wpb_column vc_column_container vc_col-sm-12\"><div class=\"vc_column-inner vc_custom_1489522942784\"><div class=\"wpb_wrapper\">\n\t<div class=\"wpb_text_column wpb_content_element\" >\n\t\t<div class=\"wpb_wrapper\">\n\t\t\t<h1><strong>Legal Notice<\/strong><\/h1>\n<p><span style=\"font-weight: 400;\">This page shows the legal instructions that apply to all the Internet users who visit our website, www.egran.com.ar.  By visiting the site, you agree to abide by these instructions without any exception.<\/span><\/p>\n<p><span style=\"font-weight: 400;\">On this site there is a series of informative contents about recipes.  Its main objective is to provide customers and the general public with information about the company and the products and services we offer.<\/span><\/p>\n<p>&nbsp;<\/p>\n<h3><strong>Privacy Policy<\/strong><\/h3>\n<p>&nbsp;<\/p>\n<p><span style=\"font-weight: 400;\">In general terms, the user can navigate through the web site without providing EGRAN | Molino Passerini S.A.I.C.  (from now on, Egran) with your personal data.<\/span><\/p>\n<p><span style=\"font-weight: 400;\">EGRAN will not disclose to third parties any personal data you may submit via email.  This information will be used for the sole purpose of managing the services we offer, attending the requests you may make, carrying out administrative tasks and sending technical, commercial or advertising information by ordinary or electronic means.<\/span><\/p>\n<p><span style=\"font-weight: 400;\">Conforme a la Ley de Protecci\u00f3n de Datos personales N\u00b0 25.3626, usted tiene derecho de acceso, rectificaci\u00f3n, actualizaci\u00f3n y supresi\u00f3n de los datos, con s\u00f3lo solicitarlo por correo electr\u00f3nico a info@egran.com.ar.<\/span><\/p>\n<h3><strong>Conditions of Use<\/strong><\/h3>\n<p>&nbsp;<\/p>\n<p><span style=\"font-weight: 400;\">The conditions of access and use of this website are ruled by the applicable law and good faith principle, where the user commits himself to make good use of the website.  Unlawful conducts or conducts against the rights or interests of third parties are forbidden.<\/span><\/p>\n<p><span style=\"font-weight: 400;\">As a user of www.EGRAN.com.ar you agree to have read the present conditions and any other legal regulations applicable in this field.  If for any reason you do not agree with these conditions, do not continue using this website.<\/span><\/p>\n<h3><strong>Responsibilities<\/strong><\/h3>\n<p>&nbsp;<\/p>\n<p><span style=\"font-weight: 400;\">EGRAN cannot be held responsible for the information and contents stored in social networks or any other means that allow third parties to publish contents in an independent way within this website.  However, EGRAN is committed to withdraw or even block contents that could violate or contravene national or international legislation, third party\u2019s rights, morals and public order.<\/span><\/p>\n<p><span style=\"font-weight: 400;\">The company can neither accept responsibility for damages caused by errors nor wrong settings in the software set up on the user's computer.  The company is excluded from any responsibility for technical incidents or any failure occurred when the user connects to Internet.  Likewise, the company cannot guarantee the absence of interruptions or errors when accessing to the website.<\/span><\/p>\n<p><span style=\"font-weight: 400;\">Also, EGRAN reserves the right to update, modify or delete the information within this web site, as well as its configuration or presentation, at any time without being held responsible for it.<\/span><\/p>\n<p><span style=\"font-weight: 400;\">Any price shown in our website is considered to be indicative.  Should the user want to know the exact price of any product or if such item has any kind of promotion, they can write to info@EGRAN.com.ar.<\/span><\/p>\n<h3><strong>Intellectual Property<\/strong><\/h3>\n<p>&nbsp;<\/p>\n<p><span style=\"font-weight: 400;\">The Site is owned and managed by EGRAN.  All materials (including logos, product design, photographs and domain names) displayed on this site are protected by the applicable law on intellectual property and owned by EGRAN.<\/span><\/p>\n<p><span style=\"font-weight: 400;\">No material on this site can be copied, reproduced, modified, republished, uploaded, distorted, transmitted or distributed in any form or by any means, wholly or partly, without prior written consent of EGRAN, except in case of personal or print media use on condition that all property rights are respected.<\/span><\/p>\n<p><span style=\"font-weight: 400;\">EGRAN reserves the right to take legal action against any intellectual property rights infringement.<\/span><\/p>\n<p><span style=\"font-weight: 400;\">All information received on the web, such as comments, suggestions or ideas, will be considered given to EGRAN at no cost.  Information that CANNOT be treated this way should not be sent.<\/span><\/p>\n<p><span style=\"font-weight: 400;\">All the products and services within these pages that are NOT owned by EGRAN are trademarks of their respective owners and are recognized as such by our company.  They only appear on this site for promotional and information gathering purposes.  These owners may request the modification or deletion of the information they own.<\/span><\/p>\n<h3><strong>Cookies Policies<\/strong><\/h3>\n<p>&nbsp;<\/p>\n<p><span style=\"font-weight: 400;\">EGRAN on their own or a third party hired to provide measurement services, may use cookies when the user surfs the website.  Cookies are files sent to the browser via a web service in order to record the user activities during their surfing time.<\/span><\/p>\n<p><span style=\"font-weight: 400;\">The cookies used are only associated with an anonymous user and their computer, and do not provide the user's personal data.  Through the use of cookies it is possible that the server where the website is located recognizes the web browser used by the user in order to make surfing easier.  Cookies are also used to measure audience and traffic parameters to control the process and number of entries.<\/span><\/p>\n<p><span style=\"font-weight: 400;\">The user has the ability to set up their browser to be warned of the receipt of cookies and to prevent them to be installed in their computer.  For more information, please refer to your browser's instructions and manuals.<\/span><\/p>\n<p><span style=\"font-weight: 400;\">In order to use the website it is not necessary that the user or a third party on their behalf allows the installation of cookies sent to the website, notwithstanding that it is necessary that the user logs-on to each of the services which use requires prior registration.<\/span><\/p>\n<p><span style=\"font-weight: 400;\">In any case, cookies are temporary with the sole purpose of making their subsequent transmission more efficient.  Under no circumstances will cookies be used to gather personal information.<\/span><\/p>\n<h3><strong>Credits<\/strong><\/h3>\n<p>&nbsp;<\/p>\n<p><span style=\"font-weight: 400;\">All designs and images are EGRAN\u2019s intellectual property and in some cases they were created with resources obtained from Freepik and Unsplash.<\/span><\/p>\n<h3><strong>Legal Framework<\/strong><\/h3>\n<p>&nbsp;<\/p>\n<p><span style=\"font-weight: 400;\">This website and its contents are ruled by the applicable of Argentina Republic.  Any possible litigation related to the website or its content will be settled in Argentina.<\/span><\/p>\n\n\t\t<\/div>\n\t<\/div>\n<\/div><\/div><\/div><\/div>","protected":false},"excerpt":{"rendered":"Aviso Legal En esta p\u00e1gina se detallan las instrucciones jur\u00eddicas que se aplican a todos los usuarios de Internet que visiten el sitio web www.egran.com.ar. Al consultar el sitio, usted se compromete a respetar estas instrucciones sin ning\u00fan tipo de excepci\u00f3n. En el presente sitio hay una serie de contenidos de car\u00e1cter informativo sobre recetas. [...]","protected":false},"author":1,"featured_media":0,"parent":0,"menu_order":0,"comment_status":"closed","ping_status":"closed","template":"","meta":{"footnotes":""},"_links":{"self":[{"href":"https:\/\/egran.com.ar\/en\/wp-json\/wp\/v2\/pages\/141"}],"collection":[{"href":"https:\/\/egran.com.ar\/en\/wp-json\/wp\/v2\/pages"}],"about":[{"href":"https:\/\/egran.com.ar\/en\/wp-json\/wp\/v2\/types\/page"}],"author":[{"embeddable":true,"href":"https:\/\/egran.com.ar\/en\/wp-json\/wp\/v2\/users\/1"}],"replies":[{"embeddable":true,"href":"https:\/\/egran.com.ar\/en\/wp-json\/wp\/v2\/comments?post=141"}],"version-history":[{"count":2,"href":"https:\/\/egran.com.ar\/en\/wp-json\/wp\/v2\/pages\/141\/revisions"}],"predecessor-version":[{"id":300,"href":"https:\/\/egran.com.ar\/en\/wp-json\/wp\/v2\/pages\/141\/revisions\/300"}],"wp:attachment":[{"href":"https:\/\/egran.com.ar\/en\/wp-json\/wp\/v2\/media?parent=141"}],"curies":[{"name":"wp","href":"https:\/\/api.w.org\/{rel}","templated":true}]}}