{"id":139,"date":"2017-02-24T14:23:42","date_gmt":"2017-02-24T17:23:42","guid":{"rendered":"http:\/\/localhost\/Egran-web\/?page_id=139"},"modified":"2024-06-13T15:46:16","modified_gmt":"2024-06-13T18:46:16","slug":"responsabilidad-social-empresaria","status":"publish","type":"page","link":"https:\/\/egran.com.ar\/en\/nuestra-empresa\/responsabilidad-social-empresaria\/","title":{"rendered":"Responsabilidad Social Empresarial (RSE) de Molino Passerini S.A.I.C."},"content":{"rendered":"<div class=\"vc_row wpb_row vc_row-fluid\"><div class=\"wpb_column vc_column_container vc_col-sm-2\"><div class=\"vc_column-inner\"><div class=\"wpb_wrapper\"><\/div><\/div><\/div><div class=\"wpb_column vc_column_container vc_col-sm-8\"><div class=\"vc_column-inner vc_custom_1500589533986\"><div class=\"wpb_wrapper\">\n\t<div class=\"wpb_text_column wpb_content_element\" >\n\t\t<div class=\"wpb_wrapper\">\n\t\t\t<h1>Responsabilidad Social Empresarial (RSE) de Molino Passerini S.A.I.C.<\/h1>\n\n\t\t<\/div>\n\t<\/div>\n\n\t<div class=\"wpb_text_column wpb_content_element\" >\n\t\t<div class=\"wpb_wrapper\">\n\t\t\t<p style=\"font-weight: 400;\">En Molino Passerini S.A.I.C., hemos decidido integrar la responsabilidad social a la cultura de nuestras actividades diarias. Nuestro compromiso va m\u00e1s all\u00e1 de la producci\u00f3n y se enfoca en crear y mantener un ambiente de trabajo productivo y participativo, que beneficie a todos nuestros stakeholders.<\/p>\n<h2><\/h2>\n<h2 style=\"font-weight: 400;\">Misi\u00f3n<\/h2>\n<p style=\"font-weight: 400;\">Nuestra misi\u00f3n es agregar valor a todos los involucrados en el entorno empresarial de Molino Passerini: propietarios, empleados, clientes, proveedores, comunidad y medio ambiente. Promovemos y apoyamos actividades que fomenten una vida, una empresa y un entorno m\u00e1s saludable.<\/p>\n<h2><\/h2>\n<h2 style=\"font-weight: 400;\">\u00c1mbitos de Trabajo<\/h2>\n<h2><\/h2>\n<h2 style=\"font-weight: 400;\">Medio Ambiente<\/h2>\n<ul>\n<li style=\"font-weight: 400;\">Implementamos pr\u00e1cticas sostenibles en nuestras operaciones para minimizar el impacto ambiental.<\/li>\n<li style=\"font-weight: 400;\">Promovemos el uso eficiente de los recursos naturales.<\/li>\n<li style=\"font-weight: 400;\">Realizamos un plan de gesti\u00f3n adecuada de residuos en cada parte del proceso industrial.<\/li>\n<li style=\"font-weight: 400;\">Desarrollamos iniciativas de conservaci\u00f3n y restauraci\u00f3n del medio ambiente.<\/li>\n<\/ul>\n<h2><\/h2>\n<h2 style=\"font-weight: 400;\">Proveedores<\/h2>\n<ul>\n<li style=\"font-weight: 400;\">Fomentamos relaciones justas y transparentes con nuestros proveedores.<\/li>\n<li style=\"font-weight: 400;\">Apoyamos a proveedores locales y sostenibles, contribuyendo al desarrollo econ\u00f3mico de la regi\u00f3n.<\/li>\n<li style=\"font-weight: 400;\">Establecemos criterios de selecci\u00f3n que incluyen buenas pr\u00e1cticas responsables.<\/li>\n<\/ul>\n<h2><\/h2>\n<h2 style=\"font-weight: 400;\">Comunidad Interna<\/h2>\n<ul>\n<li style=\"font-weight: 400;\">Creamos un ambiente laboral seguro, inclusivo y motivador para nuestros empleados.<\/li>\n<li style=\"font-weight: 400;\">Ofrecemos programas de capacitaci\u00f3n y desarrollo profesional continuo.<\/li>\n<li style=\"font-weight: 400;\">Promovemos la participaci\u00f3n activa de los empleados en iniciativas sociales y ambientales.<\/li>\n<li style=\"font-weight: 400;\">Promovemos la participaci\u00f3n de actividades saludables y recreativas.<\/li>\n<li style=\"font-weight: 400;\">Promovemos el valor de la familia, como base de la organizaci\u00f3n de la sociedad.<\/li>\n<\/ul>\n<h2><\/h2>\n<h2 style=\"font-weight: 400;\">Comunidad Externa<\/h2>\n<ul>\n<li style=\"font-weight: 400;\">Participamos en proyectos comunitarios que mejoran la calidad de vida de las personas en las \u00e1reas donde operamos.<\/li>\n<li style=\"font-weight: 400;\">Colaboramos con organizaciones sin fines de lucro y apoyamos causas que son importantes para nuestra comunidad.<\/li>\n<li style=\"font-weight: 400;\">Patrocinamos eventos y actividades que promueven el bienestar social y ambiental, la inclusi\u00f3n e igualdad.<\/li>\n<li style=\"font-weight: 400;\">Patrocinamos actividades deportivas que promueven el estado de vida saludable.<\/li>\n<li style=\"font-weight: 400;\">Patrocinamos actividades culturales que hacen a la tradici\u00f3n argentina.<\/li>\n<\/ul>\n<p style=\"font-weight: 400;\"><em>Para mayor informaci\u00f3n, no dude en contactarnos. Juntos podemos construir un futuro m\u00e1s sostenible y pr\u00f3spero para todos. <a href=\"mailto:lpasserini@egran.com.ar\">CONTACTO<\/a><\/em><\/p>\n\n\t\t<\/div>\n\t<\/div>\n<\/div><\/div><\/div><div class=\"wpb_column vc_column_container vc_col-sm-2\"><div class=\"vc_column-inner\"><div class=\"wpb_wrapper\"><\/div><\/div><\/div><\/div>","protected":false},"excerpt":{"rendered":"Responsabilidad Social Empresarial (RSE) de Molino Passerini S.A.I.C. En Molino Passerini S.A.I.C., hemos decidido integrar la responsabilidad social a la cultura de nuestras actividades diarias. Nuestro compromiso va m\u00e1s all\u00e1 de la producci\u00f3n y se enfoca en crear y mantener un ambiente de trabajo productivo y participativo, que beneficie a todos nuestros stakeholders. Misi\u00f3n Nuestra [...]","protected":false},"author":1,"featured_media":0,"parent":8,"menu_order":0,"comment_status":"closed","ping_status":"closed","template":"","meta":{"footnotes":""},"_links":{"self":[{"href":"https:\/\/egran.com.ar\/en\/wp-json\/wp\/v2\/pages\/139"}],"collection":[{"href":"https:\/\/egran.com.ar\/en\/wp-json\/wp\/v2\/pages"}],"about":[{"href":"https:\/\/egran.com.ar\/en\/wp-json\/wp\/v2\/types\/page"}],"author":[{"embeddable":true,"href":"https:\/\/egran.com.ar\/en\/wp-json\/wp\/v2\/users\/1"}],"replies":[{"embeddable":true,"href":"https:\/\/egran.com.ar\/en\/wp-json\/wp\/v2\/comments?post=139"}],"version-history":[{"count":3,"href":"https:\/\/egran.com.ar\/en\/wp-json\/wp\/v2\/pages\/139\/revisions"}],"predecessor-version":[{"id":900,"href":"https:\/\/egran.com.ar\/en\/wp-json\/wp\/v2\/pages\/139\/revisions\/900"}],"up":[{"embeddable":true,"href":"https:\/\/egran.com.ar\/en\/wp-json\/wp\/v2\/pages\/8"}],"wp:attachment":[{"href":"https:\/\/egran.com.ar\/en\/wp-json\/wp\/v2\/media?parent=139"}],"curies":[{"name":"wp","href":"https:\/\/api.w.org\/{rel}","templated":true}]}}