{"id":119,"date":"2017-02-24T12:22:01","date_gmt":"2017-02-24T15:22:01","guid":{"rendered":"http:\/\/localhost\/Egran-web\/?page_id=119"},"modified":"2025-02-06T14:54:38","modified_gmt":"2025-02-06T17:54:38","slug":"politica-inocuidad","status":"publish","type":"page","link":"https:\/\/egran.com.ar\/en\/nuestra-empresa\/politica-inocuidad\/","title":{"rendered":"Food Safety Policy"},"content":{"rendered":"<div class=\"vc_row wpb_row vc_row-fluid\"><div class=\"wpb_column vc_column_container vc_col-sm-8\"><div class=\"vc_column-inner vc_custom_1500589432297\"><div class=\"wpb_wrapper\">\n\t<div class=\"wpb_text_column wpb_content_element\" >\n\t\t<div class=\"wpb_wrapper\">\n\t\t\t<h1><strong>POLITICA DE INOCUIDAD DE LOS ALIMENTOS<\/strong><\/h1>\n<p>Molino Passerini S.A.I.C., empresa fabricante y fraccionadora de alimentos derivados de cereales y legumbres, se compromete a establecer, mantener y mejorar continuamente un sistema de inocuidad seg\u00fan esquema FSSC 22000 y planificar y controlar la producci\u00f3n, fraccionamiento y comercializaci\u00f3n de sus productos:<\/p>\n<p>&nbsp;<\/p>\n<ul>\n<li>Evaluando y seleccionando a sus proveedores para garantizar la inocuidad de la materia prima utilizada y desarrollar una relaci\u00f3n mutuamente beneficiosa.<\/li>\n<\/ul>\n<p>&nbsp;<\/p>\n<ul>\n<li>Garantizando el cumplimiento tanto de las obligaciones legales y reglamentarias como de los requisitos acordados mutuamente con los clientes, comprometi\u00e9ndonos a mantener los est\u00e1ndares de calidad e inocuidad de los alimentos.<\/li>\n<\/ul>\n<p>&nbsp;<\/p>\n<ul>\n<li>Realizando el mantenimiento a sus instalaciones y equipos para aumentar la eficacia y productividad de los procesos y su mejora continua, protegiendo a su vez tanto al medio ambiente como a la comunidad en general.<\/li>\n<\/ul>\n<p>&nbsp;<\/p>\n<ul>\n<li>Asegurando la competencia, la cultura de inocuidad y la adecuada participaci\u00f3n del personal<\/li>\n<\/ul>\n<p>&nbsp;<\/p>\n<ul>\n<li>We note the importance of offering innocuous products and gluten-free products, and maintain a constant process of updating, development and innovation with the aim of satisfying the needs of those who will be our consumers.<\/li>\n<\/ul>\n<p>&nbsp;<\/p>\n<ul>\n<li>Siendo eficaces en la comunicaci\u00f3n con nuestro p\u00fablico interno y externo permitiendo la interactividad entre las partes involucradas.<\/li>\n<li>A comprometernos a reducir la p\u00e9rdida y el desperdicio de alimentos en todas las etapas de nuestra cadena de suministro.<\/li>\n<\/ul>\n<p>&nbsp;<\/p>\n<p>&nbsp;<\/p>\n<p>This commitment is available to all our staff and the general public.<\/p>\n<p>&nbsp;<\/p>\n<p>&nbsp;<\/p>\n<p>&nbsp;<\/p>\n<p>Gerente General<\/p>\n<p>&nbsp;<\/p>\n<p>&nbsp;<\/p>\n<p>Rev 10, SEPTIEMBRE de 2024<\/p>\n\n\t\t<\/div>\n\t<\/div>\n<\/div><\/div><\/div><div class=\"wpb_column vc_column_container vc_col-sm-4\"><div class=\"vc_column-inner\"><div class=\"wpb_wrapper\">\n\t<div  class=\"wpb_single_image wpb_content_element vc_align_left\">\n\t\t\n\t\t<figure class=\"wpb_wrapper vc_figure\">\n\t\t\t<a href=\"https:\/\/egran.com.ar\/en\/nuestra-empresa\/politica-inocuidad\/alcance-certificacion-fssc\/\" target=\"_self\" class=\"vc_single_image-wrapper   vc_box_border_grey\"><img loading=\"lazy\" decoding=\"async\" width=\"300\" height=\"149\" src=\"https:\/\/egran.com.ar\/egran-web\/wp-content\/uploads\/2024\/05\/LOGO-fssc22000-2024-300x149.jpg\" class=\"vc_single_image-img attachment-medium\" alt=\"\" srcset=\"https:\/\/egran.com.ar\/egran-web\/wp-content\/uploads\/2024\/05\/LOGO-fssc22000-2024-300x149.jpg 300w, https:\/\/egran.com.ar\/egran-web\/wp-content\/uploads\/2024\/05\/LOGO-fssc22000-2024-18x9.jpg 18w, https:\/\/egran.com.ar\/egran-web\/wp-content\/uploads\/2024\/05\/LOGO-fssc22000-2024.jpg 450w\" sizes=\"(max-width: 300px) 100vw, 300px\" \/><\/a>\n\t\t<\/figure>\n\t<\/div>\n\n\t<div class=\"wpb_text_column wpb_content_element\" >\n\t\t<div class=\"wpb_wrapper\">\n\t\t\t<p><a style=\"font-weight: 800; \/* color: #f4f5f7;\" href=\"https:\/\/egran.com.ar\/en\/nuestra-empresa\/politica-inocuidad\/alcance-certificacion-fssc\/\">See scope<\/a><\/p>\n\n\t\t<\/div>\n\t<\/div>\n<\/div><\/div><\/div><\/div>","protected":false},"excerpt":{"rendered":"POLITICA DE INOCUIDAD DE LOS ALIMENTOS Molino Passerini S.A.I.C., empresa fabricante y fraccionadora de alimentos derivados de cereales y legumbres, se compromete a establecer, mantener y mejorar continuamente un sistema de inocuidad seg\u00fan esquema FSSC 22000 y planificar y controlar la producci\u00f3n, fraccionamiento y comercializaci\u00f3n de sus productos: &nbsp; Evaluando y seleccionando a sus proveedores [...]","protected":false},"author":1,"featured_media":0,"parent":8,"menu_order":0,"comment_status":"closed","ping_status":"closed","template":"","meta":{"footnotes":""},"_links":{"self":[{"href":"https:\/\/egran.com.ar\/en\/wp-json\/wp\/v2\/pages\/119"}],"collection":[{"href":"https:\/\/egran.com.ar\/en\/wp-json\/wp\/v2\/pages"}],"about":[{"href":"https:\/\/egran.com.ar\/en\/wp-json\/wp\/v2\/types\/page"}],"author":[{"embeddable":true,"href":"https:\/\/egran.com.ar\/en\/wp-json\/wp\/v2\/users\/1"}],"replies":[{"embeddable":true,"href":"https:\/\/egran.com.ar\/en\/wp-json\/wp\/v2\/comments?post=119"}],"version-history":[{"count":3,"href":"https:\/\/egran.com.ar\/en\/wp-json\/wp\/v2\/pages\/119\/revisions"}],"predecessor-version":[{"id":1055,"href":"https:\/\/egran.com.ar\/en\/wp-json\/wp\/v2\/pages\/119\/revisions\/1055"}],"up":[{"embeddable":true,"href":"https:\/\/egran.com.ar\/en\/wp-json\/wp\/v2\/pages\/8"}],"wp:attachment":[{"href":"https:\/\/egran.com.ar\/en\/wp-json\/wp\/v2\/media?parent=119"}],"curies":[{"name":"wp","href":"https:\/\/api.w.org\/{rel}","templated":true}]}}